{"id":10327,"date":"2023-06-14T09:49:30","date_gmt":"2023-06-14T09:49:30","guid":{"rendered":"https:\/\/www.qly.docs.pay.sibs.com\/karta-oneclick\/"},"modified":"2024-04-02T16:53:00","modified_gmt":"2024-04-02T16:53:00","slug":"karta-oneclick","status":"publish","type":"page","link":"https:\/\/www.qly.docs.pay.sibs.com\/pl\/sibs-gateway-dokumentacja\/funkcjonalnosci-platnosci-online\/karta-oneclick\/","title":{"rendered":"Karta OneClick"},"content":{"rendered":"<!-- wp:themify-builder\/canvas \/-->\n<p>Proces zakupowy dla powracaj\u0105cych klient\u00f3w mo\u017ce by\u0107 wygodniejszy, umo\u017cliwiaj\u0105c im dokonywanie p\u0142atno\u015bci bez podawania pe\u0142nych danych karty.<\/p>\n\n<p>Mo\u017cna to osi\u0105gn\u0105\u0107 poprzez wdro\u017cenie p\u0142atno\u015bci jednym klikni\u0119ciem, gdzie informacje o kliencie s\u0105 zapisywane podczas pierwszej p\u0142atno\u015bci.<\/p>\n\n<p>Klient, kt\u00f3ry chce skorzysta\u0107 z p\u0142atno\u015bci jednym klikni\u0119ciem lub unikn\u0105\u0107 konieczno\u015bci wielokrotnego wprowadzania danych swojej karty do przysz\u0142ych p\u0142atno\u015bci, prosi o zAPI (full code)sanie danych swojej karty podczas transakcji inicjowanej przez posiadacza karty (CIT).<\/p>\n\n<style type=\"text\/css\">\n\t#message-box-block_1ea2c12876525076a7465e9b8a927139 {\n\t\t\/* Add styles that use ACF values here *\/\n\t}\n<\/style>\n\n<div id=\"message-box-block_1ea2c12876525076a7465e9b8a927139\" class=\"block-message-box\">\n\t\t\t\t\t\t\t\t\t<\/div>\n<p>Do\u015bwiadczenie One Click Payment sk\u0142ada si\u0119 z dw\u00f3ch g\u0142\u00f3wnych etap\u00f3w:<\/p>\n\n<h6 class=\"wp-block-heading\">1. Pierwsza p\u0142atno\u015b\u0107 , gdzie <a href=\"https:\/\/www.qly.docs.pay.sibs.com\/pl\/funkcjonalnosci-platnosci-online\/karta-oneclick\/szczegoly-karty-sklepu\/\">przechowywane s\u0105 dane karty<\/a><\/h6>\n\n<p>Gdy sprzedawca proponuje zalogowanemu posiadaczowi karty utworzenie p\u0142atno\u015bci jednym klikni\u0119ciem, prezentowane s\u0105 obowi\u0105zuj\u0105ce warunki.<\/p>\n\n<p>Je\u015bli posiadacz karty zaakceptuje i poda dane swojej karty, musi przeprowadzi\u0107 silne uwierzytelnienie klienta 3D Secure zgodnie z wymogami. Po pomy\u015blnym uwierzytelnieniu karta jest tokenizowana i rejestrowana w Mi\u0119dzynarodowym Systemie P\u0142atno\u015bci (IPS). Token jest nast\u0119pnie dostarczany do sprzedawcy i rejestrowany jako karta w pliku.<\/p>\n\n<h6 class=\"wp-block-heading\">2. Kolejne p\u0142atno\u015bci gdzie <a href=\"https:\/\/www.qly.docs.pay.sibs.com\/pl\/funkcjonalnosci-platnosci-online\/karta-oneclick\/platnosc-zapisana-karta\/\">p\u0142acisz przechowywan\u0105 kart\u0105<\/a><\/h6>\n\n<p>Gdy posiadacz karty jest zalogowany w sklepie internetowym sprzedawcy, wy\u015bwietlany jest przycisk &#8222;P\u0142atno\u015b\u0107 jednym klikni\u0119ciem&#8221; umo\u017cliwiaj\u0105cy \u0142atw\u0105 p\u0142atno\u015b\u0107 za pomoc\u0105 jednego klikni\u0119cia.<\/p>\n\n<p>Token karty jest detokenizowany, a kontekst p\u0142atno\u015bci jednym klikni\u0119ciem jest weryfikowany, zanim transakcja zostanie przedstawiona IPS z odniesieniem do pocz\u0105tkowej transakcji. Pozwala to na omini\u0119cie przep\u0142ywu uwierzytelniania.<\/p>\n","protected":false},"excerpt":{"rendered":"<p>Proces zakupowy dla powracaj\u0105cych klient\u00f3w mo\u017ce by\u0107 wygodniejszy, umo\u017cliwiaj\u0105c im dokonywanie p\u0142atno\u015bci bez podawania pe\u0142nych danych karty. Mo\u017cna to osi\u0105gn\u0105\u0107 poprzez wdro\u017cenie p\u0142atno\u015bci jednym klikni\u0119ciem, gdzie informacje o kliencie s\u0105 zapisywane podczas pierwszej p\u0142atno\u015bci. Klient, kt\u00f3ry chce skorzysta\u0107 z p\u0142atno\u015bci jednym klikni\u0119ciem lub unikn\u0105\u0107 konieczno\u015bci wielokrotnego wprowadzania danych swojej karty do przysz\u0142ych p\u0142atno\u015bci, prosi o [&hellip;]<\/p>\n","protected":false},"author":1,"featured_media":0,"parent":10580,"menu_order":0,"comment_status":"closed","ping_status":"closed","template":"","meta":{"_acf_changed":false,"_eb_attr":"","footnotes":""},"class_list":["post-10327","page","type-page","status-publish","hentry","has-post-title","has-post-date","has-post-category","has-post-tag","has-post-comment","has-post-author",""],"acf":[],"builder_content":"","_links":{"self":[{"href":"https:\/\/www.qly.docs.pay.sibs.com\/pl\/wp-json\/wp\/v2\/pages\/10327","targetHints":{"allow":["GET"]}}],"collection":[{"href":"https:\/\/www.qly.docs.pay.sibs.com\/pl\/wp-json\/wp\/v2\/pages"}],"about":[{"href":"https:\/\/www.qly.docs.pay.sibs.com\/pl\/wp-json\/wp\/v2\/types\/page"}],"author":[{"embeddable":true,"href":"https:\/\/www.qly.docs.pay.sibs.com\/pl\/wp-json\/wp\/v2\/users\/1"}],"replies":[{"embeddable":true,"href":"https:\/\/www.qly.docs.pay.sibs.com\/pl\/wp-json\/wp\/v2\/comments?post=10327"}],"version-history":[{"count":2,"href":"https:\/\/www.qly.docs.pay.sibs.com\/pl\/wp-json\/wp\/v2\/pages\/10327\/revisions"}],"predecessor-version":[{"id":10581,"href":"https:\/\/www.qly.docs.pay.sibs.com\/pl\/wp-json\/wp\/v2\/pages\/10327\/revisions\/10581"}],"up":[{"embeddable":true,"href":"https:\/\/www.qly.docs.pay.sibs.com\/pl\/wp-json\/wp\/v2\/pages\/10580"}],"wp:attachment":[{"href":"https:\/\/www.qly.docs.pay.sibs.com\/pl\/wp-json\/wp\/v2\/media?parent=10327"}],"curies":[{"name":"wp","href":"https:\/\/api.w.org\/{rel}","templated":true}]}}