{"id":10319,"date":"2023-06-14T09:45:08","date_gmt":"2023-06-14T09:45:08","guid":{"rendered":"https:\/\/www.qly.docs.pay.sibs.com\/rodzaje-transakcji\/zwrot-kosztow\/"},"modified":"2026-03-09T12:17:20","modified_gmt":"2026-03-09T12:17:20","slug":"zwrot-kosztow","status":"publish","type":"page","link":"https:\/\/www.qly.docs.pay.sibs.com\/pl\/sibs-gateway-dokumentacja\/rodzaje-transakcji\/zwrot-kosztow\/","title":{"rendered":"Zwrot"},"content":{"rendered":"<!-- wp:themify-builder\/canvas \/-->\n\n\n<style type=\"text\/css\">\n\t#message-box-block_ce9c5f84a8f978b20b3d03727415fd21 {\n\t\t\/* Add styles that use ACF values here *\/\n\t}\n<\/style>\n\n<div id=\"message-box-block_ce9c5f84a8f978b20b3d03727415fd21\" class=\"block-message-box\">\n\t\t\t\t\t\t\t\t\t\t\n\t\t\t<div class='row info' style=\"display: flex;\">\n\t\t\t  <div class='col' style=\"width: 10%; display: flex; align-items: center; justify-content: center;\">\n\t\t\t\t\t<img decoding=\"async\" src=\"https:\/\/www.qly.docs.pay.sibs.com\/wp-content\/themes\/themify-ultra-child\/images\/msg_info.svg\" alt=\"Info\">\n\t\t\t  <\/div>\n\t\t\t  <div class='col2'>\n\t\t\t\t<p ><p>Ten typ transakcji jest dost\u0119pny dla:\u00a0<strong>Kart p\u0142atniczych\u00a0<\/strong>oraz<strong>\u00a0BLIKA<\/strong>.<\/p>\n<\/p>\n\t\t\t  <\/div>\n\t\t\t<\/div>\n\t\t\t\t\n\t\t\t\t\n\t\t\t\t\n\t\t\t\t\t\t<\/div>\n\n\n<style type=\"text\/css\">\n\t#message-box-block_727dfa79dd642ee4cea45ac6f92dac3a {\n\t\t\/* Add styles that use ACF values here *\/\n\t}\n<\/style>\n\n<div id=\"message-box-block_727dfa79dd642ee4cea45ac6f92dac3a\" class=\"block-message-box\">\n\t\t\t\t\t\t\t\t\t<\/div>\n\n\n<p>Celem tej operacji jest zwrot kwoty poprzedniej p\u0142atno\u015bci, uznanie rachunku posiadacza karty i obci\u0105\u017cenie rachunku sprzedawcy.<\/p>\n\n\n\n<p><strong>Zwrot<\/strong> jest wykonywany w odniesieniu do poprzedniej p\u0142atno\u015bci, odwo\u0142uj\u0105c si\u0119 do jej <mark style=\"background-color:#e9e9f5\" class=\"has-inline-color\">identyfikatora transakcji<\/mark> poprzez wys\u0142anie \u017c\u0105dania <mark style=\"background-color:#d6e9ff\" class=\"has-inline-color\">POST<\/mark> przez HTTPS do punktu ko\u0144cowego \/payments\/{transactionID}\/refund.<\/p>\n\n\n\n<p><strong>Zwrot mo\u017ce zosta\u0107 wykonany<\/strong>:<\/p>\n\n\n\n<ul class=\"wp-block-list\">\n<li>dla zakupu (PURS)<\/li>\n\n\n\n<li>dla przechwyconej preautoryzacji (AUTH -&gt; Capture).<\/li>\n<\/ul>\n\n\n\n<p>I mo\u017ce by\u0107:<\/p>\n\n\n\n<ul class=\"wp-block-list\">\n<li><strong>pe\u0142nym zwrotem<\/strong> pieni\u0119dzy, gdy ca\u0142kowita kwota zakupu zostanie zwr\u00f3cona posiadaczowi karty.<\/li>\n\n\n\n<li><strong>cz\u0119\u015bciowym zwrotem<\/strong>, gdy posiadaczowi karty zwracana jest suma cz\u0119\u015bciowa ca\u0142kowitego zakupu.<\/li>\n<\/ul>\n\n\n\n<div class=\"wp-block-buttons is-layout-flex wp-block-buttons-is-layout-flex\">\n<div class=\"wp-block-button postman\"><a class=\"wp-block-button__link wp-element-button\" href=\"https:\/\/www.postman.com\/warped-star-117264\/workspace\/sibs-v3\/folder\/28493802-75da6fad-85c9-4036-8db8-3f833bd6be93?ctx=documentation\" target=\"_blank\" rel=\"noreferrer noopener\">Uruchom w Postmanie<\/a><\/div>\n<\/div>\n\n\n\n<h6 class=\"wp-block-heading\">Wygeneruj transakcj\u0119:<\/h6>\n\n\n\n<pre class=\"wp-block-code singleline\"><code><mark style=\"background-color:#d6e9ff\" class=\"has-inline-color\">POST<\/mark>\u00a0 https:\/\/stargate.qly.site1.sibs.pt\/api\/v1\/payments\/{transactionID}\/refund<\/code><\/pre>\n\n\n\n<h6 class=\"wp-block-heading\">Parametry nag\u0142\u00f3wka<\/h6>\n\n\n\n\n\n<div id=\"nested-tables-block_572aa7e24aa02b64c1d68df6408bac50\" class=\"block-nested-tables_new\">\n\t\n\t\t\t<div class=\"sub_level lvl1\">\n\t\t\n\t\t\t\t\t\n\t\t\t\t\t\t<div class=\"thi_table table_nr1\">\n\t\t\t\t<div class=\"sp_param\">Content-type<\/div>\n\t\t\t\t<div class=\"sp_typee\"><p>string<\/p>\n<\/div>\n\t\t\t\t<div class=\"sp_condit Mandatory\">Mandatory<\/div>\n\t\t\t\t<div class=\"sp_descc\"><p>application\/json<\/p>\n<\/div>\n\t\t\t\t<a class=\"sp_view_mores\">Show more<\/a>\n\t\t\t<\/div>\n\t\n\t\t\t\t\t\t\t\t\t\t\t\t\t\t\t\t\t\t\n\t\t\t\t\t\t<div class=\"thi_table table_nr2\">\n\t\t\t\t<div class=\"sp_param\">Authorization<\/div>\n\t\t\t\t<div class=\"sp_typee\"><p>string<\/p>\n<\/div>\n\t\t\t\t<div class=\"sp_condit Mandatory\">Mandatory<\/div>\n\t\t\t\t<div class=\"sp_descc\"><p>Bearer Token. Based on OAuth2 authentication performed in a pre-step.<\/p>\n<\/div>\n\t\t\t\t<a class=\"sp_view_mores\">Show more<\/a>\n\t\t\t<\/div>\n\t\n\t\t\t\t\t\t\t\t\t\t\t\t\t\t\t\t\t\t\n\t\t\t\t\t\t<div class=\"thi_table table_nr3\">\n\t\t\t\t<div class=\"sp_param\">x-ibm-client-id<\/div>\n\t\t\t\t<div class=\"sp_typee\"><p>string<\/p>\n<\/div>\n\t\t\t\t<div class=\"sp_condit Mandatory\">Mandatory<\/div>\n\t\t\t\t<div class=\"sp_descc\"><p>Token that identifies a client organization. It is provided during onboarding process and must be used in every call.<\/p>\n<\/div>\n\t\t\t\t<a class=\"sp_view_mores\">Show more<\/a>\n\t\t\t<\/div>\n\t\n\t\t\t\t\t\t\t\t\t\t\t\t\t\t\t\t\t<\/div>\n\t\n\t<\/div>\n\n\n\n\n\n\n\n\n\n\n\n\n\n<h6 class=\"wp-block-heading\">Parametry \u017c\u0105dania<\/h6>\n\n\n\n\n\n<div id=\"nested-tables-block_c72a3d212284c3c7a16d2269e188b864\" class=\"block-nested-tables_new\">\n\t\n\t\t\t<div class=\"sub_level lvl1\">\n\t\t\n\t\t\t\t\t\n\t\t\t\t\t\t<div class=\"thi_table table_nr1\">\n\t\t\t\t<div class=\"sp_param\">merchant<\/div>\n\t\t\t\t<div class=\"sp_typee\"><p>objekt<\/p>\n<\/div>\n\t\t\t\t<div class=\"sp_condit Obowi\u0105zkowy\">Obowi\u0105zkowy<\/div>\n\t\t\t\t<div class=\"sp_descc\"><p>Opcjonalny element s\u0142u\u017c\u0105cy do sprawdzania statusu transakcji.<\/p>\n<\/div>\n\t\t\t\t<a class=\"sp_view_mores\">Show more<\/a>\n\t\t\t<\/div>\n\t\n\t\t\t\t\t\t\t\t\t<div class=\"sub_level lvl2\">\t\n\t\t\n\t\t\t\t\t\t\t\t\t\n\t\t\t\t\t\t\t\t<div class=\"thi_table table_nr1\">\n\t\t\t\t\t<div class=\"sp_param\">terminalID<\/div>\n\t\t\t\t\t<div class=\"sp_typee\"><p>Numeryczny [&lt;= 10 znak\u00f3w]<\/p>\n<\/div>\n\t\t\t\t\t<div class=\"sp_condit Obowi\u0105zkowy\">Obowi\u0105zkowy<\/div>\n\t\t\t\t\t<div class=\"sp_descc\"><p>Identyfikacja terminala handlowego<\/p>\n<\/div>\n\t\t\t\t\t<a class=\"sp_view_mores\">Show more<\/a>\n\t\t\t\t<\/div>\n\t\n\t\t\t\t\t\t\t\t\t\t\t\t\t\t\t\t\t\t\t\t\t\t\t\t\t\t\t\t\t\t\n\t\t\t\t\t\t\t\t<div class=\"thi_table table_nr2\">\n\t\t\t\t\t<div class=\"sp_param\">kana\u0142<\/div>\n\t\t\t\t\t<div class=\"sp_typee\"><p>\u015bcie\u017cka<\/p>\n<\/div>\n\t\t\t\t\t<div class=\"sp_condit Obowi\u0105zkowy\">Obowi\u0105zkowy<\/div>\n\t\t\t\t\t<div class=\"sp_descc\"><p>Kana\u0142 sprzedawcy, mo\u017cliwa warto\u015b\u0107 &#8222;Sie\u0107&#8221;<\/p>\n<\/div>\n\t\t\t\t\t<a class=\"sp_view_mores\">Show more<\/a>\n\t\t\t\t<\/div>\n\t\n\t\t\t\t\t\t\t\t\t\t\t\t\t\t\t\t\t\t\t\t\t\t\t\t\t\t\t\t\t\t\n\t\t\t\t\t\t\t\t<div class=\"thi_table table_nr3\">\n\t\t\t\t\t<div class=\"sp_param\">merchantTransactionID<\/div>\n\t\t\t\t\t<div class=\"sp_typee\"><p>\u015bcie\u017cka<\/p>\n<\/div>\n\t\t\t\t\t<div class=\"sp_condit Obowi\u0105zkowy\">Obowi\u0105zkowy<\/div>\n\t\t\t\t\t<div class=\"sp_descc\"><p>Unikalny identyfikator u\u017cywany przez sprzedawc\u0119.<\/p>\n<\/div>\n\t\t\t\t\t<a class=\"sp_view_mores\">Show more<\/a>\n\t\t\t\t<\/div>\n\t\n\t\t\t\t\t\t\t\t\t\t\t\t\t\t\t\t\t\t\t\t\t\t\t\t\t\t\t\t\t<\/div>\n\t\t\n\t\t\t\t\t\t\t\t\n\t\t\t\t\t\t<div class=\"thi_table table_nr2\">\n\t\t\t\t<div class=\"sp_param\">transakcja<\/div>\n\t\t\t\t<div class=\"sp_typee\"><p>objekt<\/p>\n<\/div>\n\t\t\t\t<div class=\"sp_condit Obowi\u0105zkowy\">Obowi\u0105zkowy<\/div>\n\t\t\t\t<div class=\"sp_descc\"><p>Opcjonalny element s\u0142u\u017c\u0105cy do sprawdzania statusu transakcji.<\/p>\n<\/div>\n\t\t\t\t<a class=\"sp_view_mores\">Show more<\/a>\n\t\t\t<\/div>\n\t\n\t\t\t\t\t\t\t\t\t<div class=\"sub_level lvl2\">\t\n\t\t\n\t\t\t\t\t\t\t\t\t\n\t\t\t\t\t\t\t\t<div class=\"thi_table table_nr1\">\n\t\t\t\t\t<div class=\"sp_param\">transactionTimeStamp<\/div>\n\t\t\t\t\t<div class=\"sp_typee\"><p>Date ISODate Time<\/p>\n<\/div>\n\t\t\t\t\t<div class=\"sp_condit Obowi\u0105zkowy\">Obowi\u0105zkowy<\/div>\n\t\t\t\t\t<div class=\"sp_descc\"><p>Znacznik czasu transakcji.<\/p>\n<\/div>\n\t\t\t\t\t<a class=\"sp_view_mores\">Show more<\/a>\n\t\t\t\t<\/div>\n\t\n\t\t\t\t\t\t\t\t\t\t\t\t\t\t\t\t\t\t\t\t\t\t\t\t\t\t\t\t\t\t\n\t\t\t\t\t\t\t\t<div class=\"thi_table table_nr2\">\n\t\t\t\t\t<div class=\"sp_param\">opis<\/div>\n\t\t\t\t\t<div class=\"sp_typee\"><p>ci\u0105g &lt;= 70 znak\u00f3w<\/p>\n<\/div>\n\t\t\t\t\t<div class=\"sp_condit Obowi\u0105zkowy\">Obowi\u0105zkowy<\/div>\n\t\t\t\t\t<div class=\"sp_descc\"><p>Kr\u00f3tki opis transakcji.<\/p>\n<\/div>\n\t\t\t\t\t<a class=\"sp_view_mores\">Show more<\/a>\n\t\t\t\t<\/div>\n\t\n\t\t\t\t\t\t\t\t\t\t\t\t\t\t\t\t\t\t\t\t\t\t\t\t\t\t\t\t\t\t\n\t\t\t\t\t\t\t\t<div class=\"thi_table table_nr3\">\n\t\t\t\t\t<div class=\"sp_param\">amount<\/div>\n\t\t\t\t\t<div class=\"sp_typee\"><\/div>\n\t\t\t\t\t<div class=\"sp_condit Obowi\u0105zkowy\">Obowi\u0105zkowy<\/div>\n\t\t\t\t\t<div class=\"sp_descc\"><p>Parametr okre\u015blaj\u0105cy warto\u015b\u0107 i walut\u0119 transakcji.<\/p>\n<\/div>\n\t\t\t\t\t<a class=\"sp_view_mores\">Show more<\/a>\n\t\t\t\t<\/div>\n\t\n\t\t\t\t\t\t\t\t\t\t\t\t\t\t\t<div class=\"sub_level lvl3\">\n\t\t\t\t\n\t\t\t\t\t\t\t\t\t\t\t\t\t\n\t\t\t\t\t\t\t\t\t\t\t\t<div class=\"thi_table table_nr1\">\n\t\t\t\t\t\t\t<div class=\"sp_param\">warto\u015b\u0107<\/div>\n\t\t\t\t\t\t\t<div class=\"sp_typee\"><p>liczba Podw\u00f3jna<\/p>\n<\/div>\n\t\t\t\t\t\t\t<div class=\"sp_condit Obowi\u0105zkowy\">Obowi\u0105zkowy<\/div>\n\t\t\t\t\t\t\t<div class=\"sp_descc\"><p>Kwota w transakcji.<\/p>\n<\/div>\n\t\t\t\t\t\t\t<a class=\"sp_view_mores\">Show more<\/a>\n\t\t\t\t\t\t<\/div>\n\t\t\t\t\t\t\t\n\t\t\t\t\t\t\t\t\t\t\t\t\t\t\t\t\t\t\t\t\t\t\t\t\t\t\t\t\t\t\t\t\t\t\t\t\t\t\t\t\t\t\n\t\t\t\t\t\t\t\t\t\t\t\t<div class=\"thi_table table_nr2\">\n\t\t\t\t\t\t\t<div class=\"sp_param\">waluta<\/div>\n\t\t\t\t\t\t\t<div class=\"sp_typee\"><p>Kod waluty<br \/>\nSO 4217 Alpha-3 Code<\/p>\n<\/div>\n\t\t\t\t\t\t\t<div class=\"sp_condit Obowi\u0105zkowy\">Obowi\u0105zkowy<\/div>\n\t\t\t\t\t\t\t<div class=\"sp_descc\"><\/div>\n\t\t\t\t\t\t\t<a class=\"sp_view_mores\">Show more<\/a>\n\t\t\t\t\t\t<\/div>\n\t\t\t\t\t\t\t\n\t\t\t\t\t\t\t\t\t\t\t\t\t\t\t\t\t\t\t\t\t\t\t\t\t\t\t\t\t\t\t\t\t\t\t\t\t\t\t\t\t<\/div>\n\t\t\t\t\n\t\t\t\t\t\t\t\t\t\t\t\t\t\t\n\t\t\t\t\t\t\t\t<div class=\"thi_table table_nr4\">\n\t\t\t\t\t<div class=\"sp_param\">originalTransaction<\/div>\n\t\t\t\t\t<div class=\"sp_typee\"><\/div>\n\t\t\t\t\t<div class=\"sp_condit Obowi\u0105zkowy\">Obowi\u0105zkowy<\/div>\n\t\t\t\t\t<div class=\"sp_descc\"><p>Parametr z oryginaln\u0105 transakcj\u0105.<\/p>\n<\/div>\n\t\t\t\t\t<a class=\"sp_view_mores\">Show more<\/a>\n\t\t\t\t<\/div>\n\t\n\t\t\t\t\t\t\t\t\t\t\t\t\t\t\t<div class=\"sub_level lvl3\">\n\t\t\t\t\n\t\t\t\t\t\t\t\t\t\t\t\t\t\n\t\t\t\t\t\t\t\t\t\t\t\t<div class=\"thi_table table_nr1\">\n\t\t\t\t\t\t\t<div class=\"sp_param\">Id<\/div>\n\t\t\t\t\t\t\t<div class=\"sp_typee\"><p>\u015bcie\u017cka<\/p>\n<\/div>\n\t\t\t\t\t\t\t<div class=\"sp_condit Obowi\u0105zkowy\">Obowi\u0105zkowy<\/div>\n\t\t\t\t\t\t\t<div class=\"sp_descc\"><p>Unikalny identyfikator pierwotnej transakcji.<\/p>\n<\/div>\n\t\t\t\t\t\t\t<a class=\"sp_view_mores\">Show more<\/a>\n\t\t\t\t\t\t<\/div>\n\t\t\t\t\t\t\t\n\t\t\t\t\t\t\t\t\t\t\t\t\t\t\t\t\t\t\t\t\t\t\t\t\t\t\t\t\t\t\t\t\t\t\t\t\t\t\t\t\t\t\n\t\t\t\t\t\t\t\t\t\t\t\t<div class=\"thi_table table_nr2\">\n\t\t\t\t\t\t\t<div class=\"sp_param\">data czas<\/div>\n\t\t\t\t\t\t\t<div class=\"sp_typee\"><p>data ISODate Time<\/p>\n<\/div>\n\t\t\t\t\t\t\t<div class=\"sp_condit Obowi\u0105zkowy\">Obowi\u0105zkowy<\/div>\n\t\t\t\t\t\t\t<div class=\"sp_descc\"><p>Znacznik czasu oryginalnej transakcji.<\/p>\n<\/div>\n\t\t\t\t\t\t\t<a class=\"sp_view_mores\">Show more<\/a>\n\t\t\t\t\t\t<\/div>\n\t\t\t\t\t\t\t\n\t\t\t\t\t\t\t\t\t\t\t\t\t\t\t\t\t\t\t\t\t\t\t\t\t\t\t\t\t\t\t\t\t\t\t\t\t\t\t\t\t<\/div>\n\t\t\t\t\n\t\t\t\t\t\t\t\t\t\t\t\t\t<\/div>\n\t\t\n\t\t\t\t\t\t\t<\/div>\n\t\n\t<\/div>\n\n\n\n\n\n\n\n\n\n\n\n\n\n<p>Oto przyk\u0142ad:<\/p>\n\n\n\n<h6 class=\"wp-block-heading\">Nag\u0142\u00f3wek \u017c\u0105dania:<\/h6>\n\n\n\n<pre class=\"wp-block-code singleline\"><code>Autorization: Bearer eyJhbGciOiJIUzI1NiIsInR5cCIgOiAiSldUIiwia2lkIiA6I (...)\nX-IBM-Client-Id: b4480347-9fc8-4790-b359-100a99c60ea3\nContent-Type: application\/json<\/code><\/pre>\n\n\n\n<pre class=\"wp-block-code\"><code>{\n  <mark style=\"background-color:rgba(0, 0, 0, 0)\" class=\"has-inline-color has-pale-pink-color\">\"merchant\"<\/mark>: {\n    <mark style=\"background-color:rgba(0, 0, 0, 0)\" class=\"has-inline-color has-pale-pink-color\">\"terminalId\"<\/mark>: <mark style=\"background-color:rgba(0, 0, 0, 0)\" class=\"has-inline-color has-luminous-vivid-amber-color\">24<\/mark>,\n    <mark style=\"background-color:rgba(0, 0, 0, 0)\" class=\"has-inline-color has-pale-pink-color\">\"channel\"<\/mark>: <mark style=\"background-color:rgba(0, 0, 0, 0)\" class=\"has-inline-color has-vivid-green-cyan-color\">\"web\"<\/mark>,\n    <mark style=\"background-color:rgba(0, 0, 0, 0)\" class=\"has-inline-color has-pale-pink-color\">\"merchantTransactionId\"<\/mark>: <mark style=\"background-color:rgba(0, 0, 0, 0)\" class=\"has-inline-color has-vivid-green-cyan-color\">\"BO_Order Id: c9876bcasd\"<\/mark>\n  },\n  <mark style=\"background-color:rgba(0, 0, 0, 0)\" class=\"has-inline-color has-pale-pink-color\">\"transaction\"<\/mark>: {\n    <mark style=\"background-color:rgba(0, 0, 0, 0)\" class=\"has-inline-color has-pale-pink-color\">\"transactionTimestamp\"<\/mark>: <mark style=\"background-color:rgba(0, 0, 0, 0)\" class=\"has-inline-color has-vivid-green-cyan-color\">\"2022-05-29T18:23:41.367Z\"<\/mark>,\n    <mark style=\"background-color:rgba(0, 0, 0, 0)\" class=\"has-inline-color has-pale-pink-color\">\"description\"<\/mark>: <mark style=\"background-color:rgba(0, 0, 0, 0)\" class=\"has-inline-color has-vivid-green-cyan-color\">\"This is a refund request\"<\/mark>,\n    <mark style=\"background-color:rgba(0, 0, 0, 0)\" class=\"has-inline-color has-pale-pink-color\">\"amount\"<\/mark>: {\n      <mark style=\"background-color:rgba(0, 0, 0, 0)\" class=\"has-inline-color has-pale-pink-color\">\"value\"<\/mark>: <mark style=\"background-color:rgba(0, 0, 0, 0)\" class=\"has-inline-color has-luminous-vivid-amber-color\">10<\/mark>,\n     <mark style=\"background-color:rgba(0, 0, 0, 0)\" class=\"has-inline-color has-pale-pink-color\"> \"currency\"<\/mark>: <mark style=\"background-color:rgba(0, 0, 0, 0)\" class=\"has-inline-color has-vivid-green-cyan-color\">\"PLN\"<\/mark>\n    },\n    <mark style=\"background-color:rgba(0, 0, 0, 0)\" class=\"has-inline-color has-pale-pink-color\">\"originalTransaction\"<\/mark>: {\n      <mark style=\"background-color:rgba(0, 0, 0, 0)\" class=\"has-inline-color has-pale-pink-color\">\"id\"<\/mark>: <mark style=\"background-color:rgba(0, 0, 0, 0)\" class=\"has-inline-color has-vivid-green-cyan-color\">\"mvuy3dh3wucpsi4389fh\"<\/mark>,\n      <mark style=\"background-color:rgba(0, 0, 0, 0)\" class=\"has-inline-color has-pale-pink-color\">\"datetime\"<\/mark>: <mark style=\"background-color:rgba(0, 0, 0, 0)\" class=\"has-inline-color has-vivid-green-cyan-color\">\"2022-05-29T17:23:36.105Z\"<\/mark>\n    }\n  }\n}<\/code><\/pre>\n\n\n\n<style type=\"text\/css\">\n\t#message-box-block_ff0af63ca2ae6bf5723f60f2e9e8ecdb {\n\t\t\/* Add styles that use ACF values here *\/\n\t}\n<\/style>\n\n<div id=\"message-box-block_ff0af63ca2ae6bf5723f60f2e9e8ecdb\" class=\"block-message-box\">\n\t\t\t\t<\/div>\n\n\n<style type=\"text\/css\">\n\t#message-box-block_10464755a514299efb71181f5aeb2cb5 {\n\t\t\/* Add styles that use ACF values here *\/\n\t}\n<\/style>\n\n<div id=\"message-box-block_10464755a514299efb71181f5aeb2cb5\" class=\"block-message-box\">\n\t\t\t\t\t\t\t\t\t\t\n\t\t\t<div class='row info' style=\"display: flex;\">\n\t\t\t  <div class='col' style=\"width: 10%; display: flex; align-items: center; justify-content: center;\">\n\t\t\t\t\t<img decoding=\"async\" src=\"https:\/\/www.qly.docs.pay.sibs.com\/wp-content\/themes\/themify-ultra-child\/images\/msg_info.svg\" alt=\"Info\">\n\t\t\t  <\/div>\n\t\t\t  <div class='col2'>\n\t\t\t\t<p ><p><strong>Tylko dla operacji zwrotu BLIK<\/strong><\/p>\n<p>&nbsp;<\/p>\n<p>Po zako\u0144czeniu operacji zwrotu, powinno si\u0119 otrzyma\u0107 <mark class=\"has-inline-color\" style=\"background-color: #e9e9f5\">paymentStatus<\/mark> oczekuj\u0105cy.<\/p>\n<p>&nbsp;<\/p>\n<p>Aby uzyska\u0107 najnowsz\u0105 aktualizacj\u0119, nale\u017cy nast\u0119pnie wykona\u0107 operacj\u0119 \u201cGet Status\u201d.<\/p>\n<p>&nbsp;<\/p>\n<p>Otrzymasz r\u00f3wnie\u017c powiadomienie webhook, kt\u00f3re mo\u017ce by\u0107 przetworzone lub zignorowane w zale\u017cno\u015bci od twojego workflow.<\/p>\n<p>&nbsp;<\/p>\n<p>Nag\u0142\u00f3wek Authorization HTTP jest ustawiony na Bearer token (token okaziciela), jaki zosta\u0142 u\u017cyty podczas pocz\u0105tkowej realizacji transakcji (Checkout).<\/p>\n<\/p>\n\t\t\t  <\/div>\n\t\t\t<\/div>\n\t\t\t\t\n\t\t\t\t\n\t\t\t\t\n\t\t\t\t\t\t<\/div>","protected":false},"excerpt":{"rendered":"<p>Celem tej operacji jest zwrot kwoty poprzedniej p\u0142atno\u015bci, uznanie rachunku posiadacza karty i obci\u0105\u017cenie rachunku sprzedawcy. Zwrot jest wykonywany w odniesieniu do poprzedniej p\u0142atno\u015bci, odwo\u0142uj\u0105c si\u0119 do jej identyfikatora transakcji poprzez wys\u0142anie \u017c\u0105dania POST przez HTTPS do punktu ko\u0144cowego \/payments\/{transactionID}\/refund. Zwrot mo\u017ce zosta\u0107 wykonany: I mo\u017ce by\u0107: Wygeneruj transakcj\u0119: Parametry nag\u0142\u00f3wka Parametry \u017c\u0105dania Oto przyk\u0142ad: [&hellip;]<\/p>\n","protected":false},"author":1,"featured_media":0,"parent":9960,"menu_order":0,"comment_status":"closed","ping_status":"closed","template":"","meta":{"_acf_changed":false,"_eb_attr":"","footnotes":""},"class_list":["post-10319","page","type-page","status-publish","hentry","has-post-title","has-post-date","has-post-category","has-post-tag","has-post-comment","has-post-author",""],"acf":[],"builder_content":"","_links":{"self":[{"href":"https:\/\/www.qly.docs.pay.sibs.com\/pl\/wp-json\/wp\/v2\/pages\/10319","targetHints":{"allow":["GET"]}}],"collection":[{"href":"https:\/\/www.qly.docs.pay.sibs.com\/pl\/wp-json\/wp\/v2\/pages"}],"about":[{"href":"https:\/\/www.qly.docs.pay.sibs.com\/pl\/wp-json\/wp\/v2\/types\/page"}],"author":[{"embeddable":true,"href":"https:\/\/www.qly.docs.pay.sibs.com\/pl\/wp-json\/wp\/v2\/users\/1"}],"replies":[{"embeddable":true,"href":"https:\/\/www.qly.docs.pay.sibs.com\/pl\/wp-json\/wp\/v2\/comments?post=10319"}],"version-history":[{"count":5,"href":"https:\/\/www.qly.docs.pay.sibs.com\/pl\/wp-json\/wp\/v2\/pages\/10319\/revisions"}],"predecessor-version":[{"id":27809,"href":"https:\/\/www.qly.docs.pay.sibs.com\/pl\/wp-json\/wp\/v2\/pages\/10319\/revisions\/27809"}],"up":[{"embeddable":true,"href":"https:\/\/www.qly.docs.pay.sibs.com\/pl\/wp-json\/wp\/v2\/pages\/9960"}],"wp:attachment":[{"href":"https:\/\/www.qly.docs.pay.sibs.com\/pl\/wp-json\/wp\/v2\/media?parent=10319"}],"curies":[{"name":"wp","href":"https:\/\/api.w.org\/{rel}","templated":true}]}}